{"id":2045,"date":"2026-03-02T12:49:05","date_gmt":"2026-03-02T12:49:05","guid":{"rendered":"https:\/\/lijasrojas.cl\/sitio\/?page_id=2045"},"modified":"2026-03-02T12:50:13","modified_gmt":"2026-03-02T12:50:13","slug":"nosotros","status":"publish","type":"page","link":"https:\/\/lijasrojas.cl\/sitio\/?page_id=2045","title":{"rendered":"Nosotros"},"content":{"rendered":"\t\t<div data-elementor-type=\"wp-page\" data-elementor-id=\"2045\" class=\"elementor elementor-2045\" data-elementor-post-type=\"page\">\n\t\t\t\t\t\t<section class=\"elementor-section elementor-top-section elementor-element elementor-element-4b07596 elementor-section-boxed elementor-section-height-default elementor-section-height-default\" data-id=\"4b07596\" data-element_type=\"section\" data-e-type=\"section\">\n\t\t\t\t\t\t<div class=\"elementor-container elementor-column-gap-default\">\n\t\t\t\t\t<div class=\"elementor-column elementor-col-100 elementor-top-column elementor-element elementor-element-8c1105e\" data-id=\"8c1105e\" data-element_type=\"column\" data-e-type=\"column\">\n\t\t\t<div class=\"elementor-widget-wrap\">\n\t\t\t\t\t\t\t<\/div>\n\t\t<\/div>\n\t\t\t\t\t<\/div>\n\t\t<\/section>\n\t\t\t\t<section class=\"elementor-section elementor-top-section elementor-element elementor-element-98c8b57 elementor-section-boxed elementor-section-height-default elementor-section-height-default\" data-id=\"98c8b57\" data-element_type=\"section\" data-e-type=\"section\">\n\t\t\t\t\t\t<div class=\"elementor-container elementor-column-gap-default\">\n\t\t\t\t\t<div class=\"elementor-column elementor-col-100 elementor-top-column elementor-element elementor-element-649841d\" data-id=\"649841d\" data-element_type=\"column\" data-e-type=\"column\">\n\t\t\t<div class=\"elementor-widget-wrap elementor-element-populated\">\n\t\t\t\t\t\t<div class=\"elementor-element elementor-element-1e38e09 elementor-widget elementor-widget-heading\" data-id=\"1e38e09\" data-element_type=\"widget\" data-e-type=\"widget\" data-widget_type=\"heading.default\">\n\t\t\t\t<div class=\"elementor-widget-container\">\n\t\t\t\t\t<h2 class=\"elementor-heading-title elementor-size-default\">Nosotros<\/h2>\t\t\t\t<\/div>\n\t\t\t\t<\/div>\n\t\t\t\t\t<\/div>\n\t\t<\/div>\n\t\t\t\t\t<\/div>\n\t\t<\/section>\n\t\t\t\t<section class=\"elementor-section elementor-top-section elementor-element elementor-element-1264059 elementor-section-content-middle elementor-section-boxed elementor-section-height-default elementor-section-height-default\" data-id=\"1264059\" data-element_type=\"section\" data-e-type=\"section\" data-settings=\"{&quot;background_background&quot;:&quot;classic&quot;}\">\n\t\t\t\t\t\t<div class=\"elementor-container elementor-column-gap-no\">\n\t\t\t\t\t<div class=\"elementor-column elementor-col-50 elementor-top-column elementor-element elementor-element-e47f65d\" data-id=\"e47f65d\" data-element_type=\"column\" data-e-type=\"column\">\n\t\t\t<div class=\"elementor-widget-wrap elementor-element-populated\">\n\t\t\t\t\t\t<div class=\"elementor-element elementor-element-4cd238f elementor-widget elementor-widget-heading\" data-id=\"4cd238f\" data-element_type=\"widget\" data-e-type=\"widget\" data-widget_type=\"heading.default\">\n\t\t\t\t<div class=\"elementor-widget-container\">\n\t\t\t\t\t<h4 class=\"elementor-heading-title elementor-size-default\">Luis Rojas y Compa\u00f1ia Ltda<\/h4>\t\t\t\t<\/div>\n\t\t\t\t<\/div>\n\t\t\t\t<div class=\"elementor-element elementor-element-ed9eb73 elementor-widget elementor-widget-text-editor\" data-id=\"ed9eb73\" data-element_type=\"widget\" data-e-type=\"widget\" data-widget_type=\"text-editor.default\">\n\t\t\t\t<div class=\"elementor-widget-container\">\n\t\t\t\t\t\t\t\t\t<p style=\"text-align: left;\"><span style=\"color: #333333;\">Somos una empresa que nace en 1964, en manos de Don Luis Guillermo Rojas N\u00fa\u00f1ez, con la visi\u00f3n de fabricar Bandas de lijas. Nuestros 58 a\u00f1os en el mercado, y el esfuerzo de mejorar continuamente, otorgan confianza y compromiso a nuestros clientes.&nbsp;&nbsp;<\/span><\/p>\n<p><span style=\"color: #333333;\">Con el pasar de los a\u00f1os, nuestra empresa ha ampliado sus servicios, llegando a ofrecer distintos tipos de prestaciones, entre los cuales, se destaca el maquilado y manufactura de diferentes productos.<\/span><\/p>\n<p><span style=\"color: #333333;\">El objetivo que nos convoca a seguir d\u00eda a d\u00eda, es que nuestros clientes obtengan los servicios en el tiempo estimado y con la calidad que nos representa.<\/span><\/p>\t\t\t\t\t\t\t\t<\/div>\n\t\t\t\t<\/div>\n\t\t\t\t\t<\/div>\n\t\t<\/div>\n\t\t\t\t<div class=\"elementor-column elementor-col-50 elementor-top-column elementor-element elementor-element-c1de47b\" data-id=\"c1de47b\" data-element_type=\"column\" data-e-type=\"column\">\n\t\t\t<div class=\"elementor-widget-wrap elementor-element-populated\">\n\t\t\t\t\t\t<div class=\"elementor-element elementor-element-1219a07 elementor-widget elementor-widget-image\" data-id=\"1219a07\" data-element_type=\"widget\" data-e-type=\"widget\" data-widget_type=\"image.default\">\n\t\t\t\t<div class=\"elementor-widget-container\">\n\t\t\t\t\t\t\t\t\t\t\t\t\t\t\t<img fetchpriority=\"high\" decoding=\"async\" width=\"1144\" height=\"991\" src=\"https:\/\/lijasrojas.cl\/sitio\/wp-content\/uploads\/2022\/12\/Imagen-principal-web.jpg\" class=\"attachment-full size-full wp-image-442\" alt=\"\" srcset=\"https:\/\/lijasrojas.cl\/sitio\/wp-content\/uploads\/2022\/12\/Imagen-principal-web.jpg 1144w, https:\/\/lijasrojas.cl\/sitio\/wp-content\/uploads\/2022\/12\/Imagen-principal-web-300x260.jpg 300w, https:\/\/lijasrojas.cl\/sitio\/wp-content\/uploads\/2022\/12\/Imagen-principal-web-1024x887.jpg 1024w, https:\/\/lijasrojas.cl\/sitio\/wp-content\/uploads\/2022\/12\/Imagen-principal-web-768x665.jpg 768w\" sizes=\"(max-width: 1144px) 100vw, 1144px\" \/>\t\t\t\t\t\t\t\t\t\t\t\t\t\t\t<\/div>\n\t\t\t\t<\/div>\n\t\t\t\t\t<\/div>\n\t\t<\/div>\n\t\t\t\t\t<\/div>\n\t\t<\/section>\n\t\t\t\t<\/div>\n\t\t","protected":false},"excerpt":{"rendered":"<p>Nosotros Luis Rojas y Compa\u00f1ia Ltda Somos una empresa que nace en 1964, en manos de Don Luis Guillermo Rojas N\u00fa\u00f1ez, con la visi\u00f3n de fabricar Bandas de lijas. Nuestros 58 a\u00f1os en el mercado, y el esfuerzo de mejorar continuamente, otorgan confianza y compromiso a nuestros clientes.&nbsp;&nbsp; Con el pasar de los a\u00f1os, nuestra [&hellip;]<\/p>\n","protected":false},"author":1,"featured_media":0,"parent":0,"menu_order":0,"comment_status":"closed","ping_status":"closed","template":"elementor_header_footer","meta":{"_joinchat":[],"footnotes":""},"class_list":["post-2045","page","type-page","status-publish","hentry"],"jetpack_sharing_enabled":true,"_links":{"self":[{"href":"https:\/\/lijasrojas.cl\/sitio\/index.php?rest_route=\/wp\/v2\/pages\/2045","targetHints":{"allow":["GET"]}}],"collection":[{"href":"https:\/\/lijasrojas.cl\/sitio\/index.php?rest_route=\/wp\/v2\/pages"}],"about":[{"href":"https:\/\/lijasrojas.cl\/sitio\/index.php?rest_route=\/wp\/v2\/types\/page"}],"author":[{"embeddable":true,"href":"https:\/\/lijasrojas.cl\/sitio\/index.php?rest_route=\/wp\/v2\/users\/1"}],"replies":[{"embeddable":true,"href":"https:\/\/lijasrojas.cl\/sitio\/index.php?rest_route=%2Fwp%2Fv2%2Fcomments&post=2045"}],"version-history":[{"count":4,"href":"https:\/\/lijasrojas.cl\/sitio\/index.php?rest_route=\/wp\/v2\/pages\/2045\/revisions"}],"predecessor-version":[{"id":2050,"href":"https:\/\/lijasrojas.cl\/sitio\/index.php?rest_route=\/wp\/v2\/pages\/2045\/revisions\/2050"}],"wp:attachment":[{"href":"https:\/\/lijasrojas.cl\/sitio\/index.php?rest_route=%2Fwp%2Fv2%2Fmedia&parent=2045"}],"curies":[{"name":"wp","href":"https:\/\/api.w.org\/{rel}","templated":true}]}}