{"id":1875,"date":"2026-02-10T20:45:08","date_gmt":"2026-02-10T20:45:08","guid":{"rendered":"https:\/\/lijasrojas.cl\/sitio\/?page_id=1875"},"modified":"2026-03-03T22:35:12","modified_gmt":"2026-03-03T22:35:12","slug":"hormigon","status":"publish","type":"page","link":"https:\/\/lijasrojas.cl\/sitio\/?page_id=1875","title":{"rendered":"Hormigon"},"content":{"rendered":"\t\t<div data-elementor-type=\"wp-page\" data-elementor-id=\"1875\" class=\"elementor elementor-1875\" data-elementor-post-type=\"page\">\n\t\t\t\t\t\t<section class=\"elementor-section elementor-top-section elementor-element elementor-element-4eab3dd elementor-section-boxed elementor-section-height-default elementor-section-height-default\" data-id=\"4eab3dd\" data-element_type=\"section\" data-e-type=\"section\" data-settings=\"{&quot;background_background&quot;:&quot;classic&quot;}\">\n\t\t\t\t\t\t<div class=\"elementor-container elementor-column-gap-default\">\n\t\t\t\t\t<div class=\"elementor-column elementor-col-100 elementor-top-column elementor-element elementor-element-04770b2\" data-id=\"04770b2\" data-element_type=\"column\" data-e-type=\"column\">\n\t\t\t<div class=\"elementor-widget-wrap elementor-element-populated\">\n\t\t\t\t\t\t<div class=\"elementor-element elementor-element-691f568 elementor-widget elementor-widget-heading\" data-id=\"691f568\" data-element_type=\"widget\" data-e-type=\"widget\" data-widget_type=\"heading.default\">\n\t\t\t\t<div class=\"elementor-widget-container\">\n\t\t\t\t\t<h2 class=\"elementor-heading-title elementor-size-default\"><b>Hormig\u00f3n<\/b><\/h2>\t\t\t\t<\/div>\n\t\t\t\t<\/div>\n\t\t\t\t\t<\/div>\n\t\t<\/div>\n\t\t\t\t\t<\/div>\n\t\t<\/section>\n\t\t\t\t<section class=\"elementor-section elementor-top-section elementor-element elementor-element-4c9ed61 elementor-section-boxed elementor-section-height-default elementor-section-height-default\" data-id=\"4c9ed61\" data-element_type=\"section\" data-e-type=\"section\">\n\t\t\t\t\t\t<div class=\"elementor-container elementor-column-gap-default\">\n\t\t\t\t\t<div class=\"elementor-column elementor-col-100 elementor-top-column elementor-element elementor-element-fefdcb4\" data-id=\"fefdcb4\" data-element_type=\"column\" data-e-type=\"column\">\n\t\t\t<div class=\"elementor-widget-wrap elementor-element-populated\">\n\t\t\t\t\t\t<div class=\"elementor-element elementor-element-24acc92 elementor-widget elementor-widget-heading\" data-id=\"24acc92\" data-element_type=\"widget\" data-e-type=\"widget\" data-widget_type=\"heading.default\">\n\t\t\t\t<div class=\"elementor-widget-container\">\n\t\t\t\t\t<h2 class=\"elementor-heading-title elementor-size-default\"><b>Stock disponible - <\/b>Cotiza con nosotros<\/h2>\t\t\t\t<\/div>\n\t\t\t\t<\/div>\n\t\t\t\t\t<\/div>\n\t\t<\/div>\n\t\t\t\t\t<\/div>\n\t\t<\/section>\n\t\t\t\t<section class=\"elementor-section elementor-top-section elementor-element elementor-element-c94a43c elementor-section-boxed elementor-section-height-default elementor-section-height-default\" data-id=\"c94a43c\" data-element_type=\"section\" data-e-type=\"section\">\n\t\t\t\t\t\t<div class=\"elementor-container elementor-column-gap-default\">\n\t\t\t\t\t<div class=\"elementor-column elementor-col-33 elementor-top-column elementor-element elementor-element-4e7f635\" data-id=\"4e7f635\" data-element_type=\"column\" data-e-type=\"column\">\n\t\t\t<div class=\"elementor-widget-wrap elementor-element-populated\">\n\t\t\t\t\t\t<div class=\"elementor-element elementor-element-9b12dd5 elementor-widget elementor-widget-image\" data-id=\"9b12dd5\" data-element_type=\"widget\" data-e-type=\"widget\" data-widget_type=\"image.default\">\n\t\t\t\t<div class=\"elementor-widget-container\">\n\t\t\t\t\t\t\t\t\t\t\t\t\t\t\t<img decoding=\"async\" src=\"https:\/\/lijasrojas.cl\/sitio\/wp-content\/uploads\/2026\/02\/Copa-diamantada.webp\" title=\"Copa diamantada\" alt=\"Copa diamantada\" loading=\"lazy\" \/>\t\t\t\t\t\t\t\t\t\t\t\t\t\t\t<\/div>\n\t\t\t\t<\/div>\n\t\t\t\t<div class=\"elementor-element elementor-element-acb9b46 elementor-widget elementor-widget-spacer\" data-id=\"acb9b46\" data-element_type=\"widget\" data-e-type=\"widget\" data-widget_type=\"spacer.default\">\n\t\t\t\t<div class=\"elementor-widget-container\">\n\t\t\t\t\t\t\t<div class=\"elementor-spacer\">\n\t\t\t<div class=\"elementor-spacer-inner\"><\/div>\n\t\t<\/div>\n\t\t\t\t\t\t<\/div>\n\t\t\t\t<\/div>\n\t\t\t\t<div class=\"elementor-element elementor-element-bbfe0aa elementor-widget elementor-widget-heading\" data-id=\"bbfe0aa\" data-element_type=\"widget\" data-e-type=\"widget\" data-widget_type=\"heading.default\">\n\t\t\t\t<div class=\"elementor-widget-container\">\n\t\t\t\t\t<h2 class=\"elementor-heading-title elementor-size-default\">Copa Diamantada<\/h2>\t\t\t\t<\/div>\n\t\t\t\t<\/div>\n\t\t\t\t<section class=\"elementor-section elementor-inner-section elementor-element elementor-element-d2f7b38 elementor-section-boxed elementor-section-height-default elementor-section-height-default\" data-id=\"d2f7b38\" data-element_type=\"section\" data-e-type=\"section\">\n\t\t\t\t\t\t<div class=\"elementor-container elementor-column-gap-default\">\n\t\t\t\t\t<div class=\"elementor-column elementor-col-100 elementor-inner-column elementor-element elementor-element-b4e7d53\" data-id=\"b4e7d53\" data-element_type=\"column\" data-e-type=\"column\">\n\t\t\t<div class=\"elementor-widget-wrap elementor-element-populated\">\n\t\t\t\t\t\t<div class=\"elementor-element elementor-element-1d86287 elementor-widget elementor-widget-text-editor\" data-id=\"1d86287\" data-element_type=\"widget\" data-e-type=\"widget\" data-widget_type=\"text-editor.default\">\n\t\t\t\t<div class=\"elementor-widget-container\">\n\t\t\t\t\t\t\t\t\t<p><strong>Marca:<\/strong> Delta<br \/><span style=\"font-weight: bold;\">Formato: <\/span><span style=\"color: var( --e-global-color-text );\">4,5 \/ 7 pulgadas<\/span><br \/><strong>Usos y aplicaciones:<\/strong> Con doble segmento, ideal para amolar, desbastar y perfilar superficies de concreto, piedra y ladrillo.<br \/>Hormigon antiguo y nuevo.<\/p>\t\t\t\t\t\t\t\t<\/div>\n\t\t\t\t<\/div>\n\t\t\t\t\t<\/div>\n\t\t<\/div>\n\t\t\t\t\t<\/div>\n\t\t<\/section>\n\t\t\t\t\t<\/div>\n\t\t<\/div>\n\t\t\t\t<div class=\"elementor-column elementor-col-33 elementor-top-column elementor-element elementor-element-29bd3a5\" data-id=\"29bd3a5\" data-element_type=\"column\" data-e-type=\"column\">\n\t\t\t<div class=\"elementor-widget-wrap elementor-element-populated\">\n\t\t\t\t\t\t<div class=\"elementor-element elementor-element-3ac87ce elementor-widget elementor-widget-image\" data-id=\"3ac87ce\" data-element_type=\"widget\" data-e-type=\"widget\" data-widget_type=\"image.default\">\n\t\t\t\t<div class=\"elementor-widget-container\">\n\t\t\t\t\t\t\t\t\t\t\t\t\t\t\t<img decoding=\"async\" src=\"https:\/\/lijasrojas.cl\/sitio\/wp-content\/uploads\/2026\/02\/Disco-diamantado-segmentado-45.webp\" title=\"Disco diamantado segmentado 4,5\" alt=\"Disco diamantado segmentado 4,5\" loading=\"lazy\" \/>\t\t\t\t\t\t\t\t\t\t\t\t\t\t\t<\/div>\n\t\t\t\t<\/div>\n\t\t\t\t<div class=\"elementor-element elementor-element-1b61702 elementor-widget elementor-widget-heading\" data-id=\"1b61702\" data-element_type=\"widget\" data-e-type=\"widget\" data-widget_type=\"heading.default\">\n\t\t\t\t<div class=\"elementor-widget-container\">\n\t\t\t\t\t<h2 class=\"elementor-heading-title elementor-size-default\">Disco de Corte Diamantado Segmentado<\/h2>\t\t\t\t<\/div>\n\t\t\t\t<\/div>\n\t\t\t\t<section class=\"elementor-section elementor-inner-section elementor-element elementor-element-32d4e25 elementor-section-boxed elementor-section-height-default elementor-section-height-default\" data-id=\"32d4e25\" data-element_type=\"section\" data-e-type=\"section\">\n\t\t\t\t\t\t<div class=\"elementor-container elementor-column-gap-default\">\n\t\t\t\t\t<div class=\"elementor-column elementor-col-100 elementor-inner-column elementor-element elementor-element-1ea7c61\" data-id=\"1ea7c61\" data-element_type=\"column\" data-e-type=\"column\">\n\t\t\t<div class=\"elementor-widget-wrap elementor-element-populated\">\n\t\t\t\t\t\t<div class=\"elementor-element elementor-element-119d25b elementor-widget elementor-widget-text-editor\" data-id=\"119d25b\" data-element_type=\"widget\" data-e-type=\"widget\" data-widget_type=\"text-editor.default\">\n\t\t\t\t<div class=\"elementor-widget-container\">\n\t\t\t\t\t\t\t\t\t<p><span style=\"font-weight: 600;\">Marca:\u00a0<\/span>Delta<br \/><span style=\"font-weight: bold;\">Formato: <\/span><span style=\"color: var( --e-global-color-text );\">4,5 \/ 7 pulgadas<\/span><span style=\"color: var( --e-global-color-text );\"><br \/><\/span><span style=\"color: var( --e-global-color-text ); font-weight: 600;\">Usos y aplicaciones: <\/span><span style=\"color: var( --e-global-color-text );\">Ideal para corte r\u00e1pido en concreto, ladrillo, bloque y piedra. Dise\u00f1ado para uso en amoladoras angulares. Hormig\u00f3n antiguo y nuevo<\/span><span style=\"color: var( --e-global-color-text );\"><br \/><\/span><\/p>\t\t\t\t\t\t\t\t<\/div>\n\t\t\t\t<\/div>\n\t\t\t\t\t<\/div>\n\t\t<\/div>\n\t\t\t\t\t<\/div>\n\t\t<\/section>\n\t\t\t\t\t<\/div>\n\t\t<\/div>\n\t\t\t\t<div class=\"elementor-column elementor-col-33 elementor-top-column elementor-element elementor-element-5907cbe\" data-id=\"5907cbe\" data-element_type=\"column\" data-e-type=\"column\">\n\t\t\t<div class=\"elementor-widget-wrap elementor-element-populated\">\n\t\t\t\t\t\t<div class=\"elementor-element elementor-element-c29a672 elementor-widget elementor-widget-image\" data-id=\"c29a672\" data-element_type=\"widget\" data-e-type=\"widget\" data-widget_type=\"image.default\">\n\t\t\t\t<div class=\"elementor-widget-container\">\n\t\t\t\t\t\t\t\t\t\t\t\t\t\t\t<img decoding=\"async\" src=\"https:\/\/lijasrojas.cl\/sitio\/wp-content\/uploads\/2026\/02\/Disco-segmentado-continuo.webp\" title=\"Disco segmentado continuo\" alt=\"Disco segmentado continuo\" loading=\"lazy\" \/>\t\t\t\t\t\t\t\t\t\t\t\t\t\t\t<\/div>\n\t\t\t\t<\/div>\n\t\t\t\t<div class=\"elementor-element elementor-element-b366b26 elementor-widget elementor-widget-heading\" data-id=\"b366b26\" data-element_type=\"widget\" data-e-type=\"widget\" data-widget_type=\"heading.default\">\n\t\t\t\t<div class=\"elementor-widget-container\">\n\t\t\t\t\t<h2 class=\"elementor-heading-title elementor-size-default\">Disco de Corte Diamantado Continuo<\/h2>\t\t\t\t<\/div>\n\t\t\t\t<\/div>\n\t\t\t\t<section class=\"elementor-section elementor-inner-section elementor-element elementor-element-074d8bc elementor-section-boxed elementor-section-height-default elementor-section-height-default\" data-id=\"074d8bc\" data-element_type=\"section\" data-e-type=\"section\">\n\t\t\t\t\t\t<div class=\"elementor-container elementor-column-gap-default\">\n\t\t\t\t\t<div class=\"elementor-column elementor-col-100 elementor-inner-column elementor-element elementor-element-d6a2b0f\" data-id=\"d6a2b0f\" data-element_type=\"column\" data-e-type=\"column\">\n\t\t\t<div class=\"elementor-widget-wrap elementor-element-populated\">\n\t\t\t\t\t\t<div class=\"elementor-element elementor-element-1fcf1ce elementor-widget elementor-widget-text-editor\" data-id=\"1fcf1ce\" data-element_type=\"widget\" data-e-type=\"widget\" data-widget_type=\"text-editor.default\">\n\t\t\t\t<div class=\"elementor-widget-container\">\n\t\t\t\t\t\t\t\t\t<p><strong>Marca:<\/strong> Delta<br \/><span style=\"font-weight: bold;\">Formato: <\/span><span style=\"color: var( --e-global-color-text );\">4,5 \/ 7 pulgadas<\/span><br \/><strong>Usos y aplicaciones:<\/strong> Ideal para cortes precisos y sin astillado en cer\u00e1mica, porcelana, vidrio, piedra natural y marmol.<br \/><br \/><\/p>\t\t\t\t\t\t\t\t<\/div>\n\t\t\t\t<\/div>\n\t\t\t\t\t<\/div>\n\t\t<\/div>\n\t\t\t\t\t<\/div>\n\t\t<\/section>\n\t\t\t\t\t<\/div>\n\t\t<\/div>\n\t\t\t\t\t<\/div>\n\t\t<\/section>\n\t\t\t\t<section class=\"elementor-section elementor-top-section elementor-element elementor-element-6bbbe8b elementor-section-boxed elementor-section-height-default elementor-section-height-default\" data-id=\"6bbbe8b\" data-element_type=\"section\" data-e-type=\"section\">\n\t\t\t\t\t\t<div class=\"elementor-container elementor-column-gap-default\">\n\t\t\t\t\t<div class=\"elementor-column elementor-col-33 elementor-top-column elementor-element elementor-element-9e91627\" data-id=\"9e91627\" data-element_type=\"column\" data-e-type=\"column\">\n\t\t\t<div class=\"elementor-widget-wrap elementor-element-populated\">\n\t\t\t\t\t\t<div class=\"elementor-element elementor-element-d182740 elementor-widget elementor-widget-image\" data-id=\"d182740\" data-element_type=\"widget\" data-e-type=\"widget\" data-widget_type=\"image.default\">\n\t\t\t\t<div class=\"elementor-widget-container\">\n\t\t\t\t\t\t\t\t\t\t\t\t\t\t\t<img decoding=\"async\" src=\"https:\/\/lijasrojas.cl\/sitio\/wp-content\/uploads\/2026\/02\/17050-DISCO-4.5-PORCELANATO-PRODELTA.webp\" title=\"DISCO CORTE PORCELANATO\" alt=\"DISCO CORTE PORCELANATO\" loading=\"lazy\" \/>\t\t\t\t\t\t\t\t\t\t\t\t\t\t\t<\/div>\n\t\t\t\t<\/div>\n\t\t\t\t<div class=\"elementor-element elementor-element-865688e elementor-widget elementor-widget-heading\" data-id=\"865688e\" data-element_type=\"widget\" data-e-type=\"widget\" data-widget_type=\"heading.default\">\n\t\t\t\t<div class=\"elementor-widget-container\">\n\t\t\t\t\t<h2 class=\"elementor-heading-title elementor-size-default\">Disco de Corte Porcelanato<\/h2>\t\t\t\t<\/div>\n\t\t\t\t<\/div>\n\t\t\t\t<section class=\"elementor-section elementor-inner-section elementor-element elementor-element-23af3be elementor-section-boxed elementor-section-height-default elementor-section-height-default\" data-id=\"23af3be\" data-element_type=\"section\" data-e-type=\"section\">\n\t\t\t\t\t\t<div class=\"elementor-container elementor-column-gap-default\">\n\t\t\t\t\t<div class=\"elementor-column elementor-col-100 elementor-inner-column elementor-element elementor-element-3242554\" data-id=\"3242554\" data-element_type=\"column\" data-e-type=\"column\">\n\t\t\t<div class=\"elementor-widget-wrap elementor-element-populated\">\n\t\t\t\t\t\t<div class=\"elementor-element elementor-element-7d935ae elementor-widget elementor-widget-text-editor\" data-id=\"7d935ae\" data-element_type=\"widget\" data-e-type=\"widget\" data-widget_type=\"text-editor.default\">\n\t\t\t\t<div class=\"elementor-widget-container\">\n\t\t\t\t\t\t\t\t\t<p><span style=\"font-weight: 600;\">Marca:\u00a0<\/span>Prodelta<br \/><span style=\"font-weight: bold;\">Formato: <\/span><span style=\"color: var( --e-global-color-text );\">4,5 \/ 7 pulgadas<\/span><span style=\"color: var( --e-global-color-text );\"><br \/><\/span><span style=\"color: var( --e-global-color-text ); font-weight: 600;\">Usos y aplicaciones:\u00a0<\/span><span style=\"color: var( --e-global-color-text );\">Especial para cortar superficies duras como porcelanato, marmol, granito.<\/span><span style=\"color: var( --e-global-color-text );\"><br \/><\/span><\/p>\t\t\t\t\t\t\t\t<\/div>\n\t\t\t\t<\/div>\n\t\t\t\t\t<\/div>\n\t\t<\/div>\n\t\t\t\t\t<\/div>\n\t\t<\/section>\n\t\t\t\t\t<\/div>\n\t\t<\/div>\n\t\t\t\t<div class=\"elementor-column elementor-col-33 elementor-top-column elementor-element elementor-element-4260bbb\" data-id=\"4260bbb\" data-element_type=\"column\" data-e-type=\"column\">\n\t\t\t<div class=\"elementor-widget-wrap elementor-element-populated\">\n\t\t\t\t\t\t<div class=\"elementor-element elementor-element-d79cd4a elementor-widget elementor-widget-image\" data-id=\"d79cd4a\" data-element_type=\"widget\" data-e-type=\"widget\" data-widget_type=\"image.default\">\n\t\t\t\t<div class=\"elementor-widget-container\">\n\t\t\t\t\t\t\t\t\t\t\t\t\t\t\t<img decoding=\"async\" src=\"https:\/\/lijasrojas.cl\/sitio\/wp-content\/uploads\/2026\/03\/Rollo-Carburo-Silicio-Flex.jpg\" title=\"Rollo-Carburo-Silicio-Flex\" alt=\"Rollo-Carburo-Silicio-Flex\" loading=\"lazy\" \/>\t\t\t\t\t\t\t\t\t\t\t\t\t\t\t<\/div>\n\t\t\t\t<\/div>\n\t\t\t\t<section class=\"elementor-section elementor-inner-section elementor-element elementor-element-b48d4be elementor-section-boxed elementor-section-height-default elementor-section-height-default\" data-id=\"b48d4be\" data-element_type=\"section\" data-e-type=\"section\">\n\t\t\t\t\t\t<div class=\"elementor-container elementor-column-gap-default\">\n\t\t\t\t\t<div class=\"elementor-column elementor-col-100 elementor-inner-column elementor-element elementor-element-f2df823\" data-id=\"f2df823\" data-element_type=\"column\" data-e-type=\"column\">\n\t\t\t<div class=\"elementor-widget-wrap elementor-element-populated\">\n\t\t\t\t\t\t<div class=\"elementor-element elementor-element-bdf0c30 elementor-widget elementor-widget-text-editor\" data-id=\"bdf0c30\" data-element_type=\"widget\" data-e-type=\"widget\" data-widget_type=\"text-editor.default\">\n\t\t\t\t<div class=\"elementor-widget-container\">\n\t\t\t\t\t\t\t\t\t<p><span style=\"font-weight: 600;\">Marca:\u00a0<\/span>Klingspor<br \/><span style=\"font-weight: bold;\">Formato: <\/span><span style=\"color: var( --e-global-color-text );\">Rollo y banda<\/span><span style=\"color: var( --e-global-color-text );\"><br \/><\/span><span style=\"color: var( --e-global-color-text ); font-weight: 600;\">Grano: <\/span><span style=\"color: var( --e-global-color-text );\">80\u00a0<\/span><span style=\"color: var( --e-global-color-text );\"><br \/><\/span><\/p>\t\t\t\t\t\t\t\t<\/div>\n\t\t\t\t<\/div>\n\t\t\t\t\t<\/div>\n\t\t<\/div>\n\t\t\t\t\t<\/div>\n\t\t<\/section>\n\t\t\t\t\t<\/div>\n\t\t<\/div>\n\t\t\t\t<div class=\"elementor-column elementor-col-33 elementor-top-column elementor-element elementor-element-bac7ac8\" data-id=\"bac7ac8\" data-element_type=\"column\" data-e-type=\"column\">\n\t\t\t<div class=\"elementor-widget-wrap elementor-element-populated\">\n\t\t\t\t\t\t<div class=\"elementor-element elementor-element-8fd7798 elementor-widget elementor-widget-image\" data-id=\"8fd7798\" data-element_type=\"widget\" data-e-type=\"widget\" data-widget_type=\"image.default\">\n\t\t\t\t<div class=\"elementor-widget-container\">\n\t\t\t\t\t\t\t\t\t\t\t\t\t\t\t<img decoding=\"async\" src=\"https:\/\/lijasrojas.cl\/sitio\/wp-content\/uploads\/2026\/03\/Rollo-Carburo-Silicio-Rigido.jpg\" title=\"Rollo-Carburo-Silicio-Rigido\" alt=\"Rollo-Carburo-Silicio-Rigido\" loading=\"lazy\" \/>\t\t\t\t\t\t\t\t\t\t\t\t\t\t\t<\/div>\n\t\t\t\t<\/div>\n\t\t\t\t<section class=\"elementor-section elementor-inner-section elementor-element elementor-element-3fd1144 elementor-section-boxed elementor-section-height-default elementor-section-height-default\" data-id=\"3fd1144\" data-element_type=\"section\" data-e-type=\"section\">\n\t\t\t\t\t\t<div class=\"elementor-container elementor-column-gap-default\">\n\t\t\t\t\t<div class=\"elementor-column elementor-col-100 elementor-inner-column elementor-element elementor-element-705d1a8\" data-id=\"705d1a8\" data-element_type=\"column\" data-e-type=\"column\">\n\t\t\t<div class=\"elementor-widget-wrap elementor-element-populated\">\n\t\t\t\t\t\t<div class=\"elementor-element elementor-element-6033add elementor-widget elementor-widget-text-editor\" data-id=\"6033add\" data-element_type=\"widget\" data-e-type=\"widget\" data-widget_type=\"text-editor.default\">\n\t\t\t\t<div class=\"elementor-widget-container\">\n\t\t\t\t\t\t\t\t\t<p><span style=\"font-weight: 600;\">Marca:\u00a0<\/span>Klingspor<br \/><span style=\"font-weight: bold;\">Formato: <\/span><span style=\"color: var( --e-global-color-text );\">Rollo y banda<\/span><span style=\"color: var( --e-global-color-text );\"><br \/><\/span><span style=\"color: var( --e-global-color-text ); font-weight: 600;\">Grano: <\/span><span style=\"color: var( --e-global-color-text );\">36 &#8211; 60 &#8211; 80 &#8211; 100 &#8211; 120 &#8211; 150 &#8211; 180 &#8211; 220<\/span><span style=\"color: var( --e-global-color-text );\"><br \/><\/span><\/p>\t\t\t\t\t\t\t\t<\/div>\n\t\t\t\t<\/div>\n\t\t\t\t\t<\/div>\n\t\t<\/div>\n\t\t\t\t\t<\/div>\n\t\t<\/section>\n\t\t\t\t\t<\/div>\n\t\t<\/div>\n\t\t\t\t\t<\/div>\n\t\t<\/section>\n\t\t\t\t<\/div>\n\t\t","protected":false},"excerpt":{"rendered":"<p>Hormig\u00f3n Stock disponible &#8211; Cotiza con nosotros Copa Diamantada Marca: DeltaFormato: 4,5 \/ 7 pulgadasUsos y aplicaciones: Con doble segmento, ideal para amolar, desbastar y perfilar superficies de concreto, piedra y ladrillo.Hormigon antiguo y nuevo. Disco de Corte Diamantado Segmentado Marca:\u00a0DeltaFormato: 4,5 \/ 7 pulgadasUsos y aplicaciones: Ideal para corte r\u00e1pido en concreto, ladrillo, bloque [&hellip;]<\/p>\n","protected":false},"author":1,"featured_media":0,"parent":0,"menu_order":0,"comment_status":"closed","ping_status":"closed","template":"elementor_header_footer","meta":{"_joinchat":[],"footnotes":""},"class_list":["post-1875","page","type-page","status-publish","hentry"],"jetpack_sharing_enabled":true,"_links":{"self":[{"href":"https:\/\/lijasrojas.cl\/sitio\/index.php?rest_route=\/wp\/v2\/pages\/1875","targetHints":{"allow":["GET"]}}],"collection":[{"href":"https:\/\/lijasrojas.cl\/sitio\/index.php?rest_route=\/wp\/v2\/pages"}],"about":[{"href":"https:\/\/lijasrojas.cl\/sitio\/index.php?rest_route=\/wp\/v2\/types\/page"}],"author":[{"embeddable":true,"href":"https:\/\/lijasrojas.cl\/sitio\/index.php?rest_route=\/wp\/v2\/users\/1"}],"replies":[{"embeddable":true,"href":"https:\/\/lijasrojas.cl\/sitio\/index.php?rest_route=%2Fwp%2Fv2%2Fcomments&post=1875"}],"version-history":[{"count":53,"href":"https:\/\/lijasrojas.cl\/sitio\/index.php?rest_route=\/wp\/v2\/pages\/1875\/revisions"}],"predecessor-version":[{"id":2137,"href":"https:\/\/lijasrojas.cl\/sitio\/index.php?rest_route=\/wp\/v2\/pages\/1875\/revisions\/2137"}],"wp:attachment":[{"href":"https:\/\/lijasrojas.cl\/sitio\/index.php?rest_route=%2Fwp%2Fv2%2Fmedia&parent=1875"}],"curies":[{"name":"wp","href":"https:\/\/api.w.org\/{rel}","templated":true}]}}